{"id":4673,"date":"2015-07-06T08:26:09","date_gmt":"2015-07-06T08:26:09","guid":{"rendered":"https:\/\/lasiguaraya.com\/nuestro-hotel\/"},"modified":"2022-07-26T15:02:28","modified_gmt":"2022-07-26T15:02:28","slug":"nuestro-hotel","status":"publish","type":"page","link":"https:\/\/lasiguaraya.com\/es\/nuestro-hotel\/","title":{"rendered":"Nuestro Hotel"},"content":{"rendered":"<div id=\"pl-4673\"  class=\"panel-layout\" ><div id=\"pg-4673-0\"  class=\"panel-grid panel-no-style\" ><div id=\"pgc-4673-0-0\"  class=\"panel-grid-cell\" ><div id=\"panel-4673-0-0-0\" class=\"so-panel widget widget_icon-box panel-first-child panel-last-child\" data-index=\"0\" ><div class=\"panel-widget-style panel-widget-style-for-4673-0-0-0\" ><div class=\"thim-widget-icon-box thim-widget-icon-box-base template-base\"><div class=\"inner-box \"><div  class=\"wrapper-box-icon text-center   wrapper-line-heading\" ><div class=\"smicon-box iconbox-top\"><div class=\"content-inner\" ><div class=\"sc-heading article_heading\"><h3 class = \"heading__primary\" >Desde 1929<\/h3><span class=\"line-heading\"><span><\/span><\/span><\/div><div class=\"desc-icon-box\"><div >Se trata de una casa de estilo Art Deco construida en 1929 de puntales altos, con techos de 4,80 metros de altura, con una preciosa entrada con mosaicos originales de relieve y una escalera de m\u00e1rmol que conduce a la planta superior.\n\nLa casa fue adquirida a sus propietarios originales y tras una reparaci\u00f3n capital para ajustarla a la actividad actual.\n\nPara ello se respet\u00f3 su estructura original en las zonas comunes y se hicieron cambios en las habitaciones.\n\nEl hostal tiene actualmente una sala decorada con mesas de m\u00e1rmol, l\u00e1mparas de bronce y detalles de \u00e9poca que da paso a una sala de estar -cocina con una barra donde se sirven los desayunos as\u00ed como c\u00f3cteles, caf\u00e9 y servicios de comida ligera a petici\u00f3n.<\/div><\/div><\/div><\/div><!--end smicon-box--><\/div><\/div><style>\n\t.smicon-read:hover{\n\t\tcolor: !important;\n\t\tbackground: !important;\n\t}\n\t.smicon-box .boxes-icon:hover{\n\t\tcolor: !important;\n\t\tborder-color: !important;\n\t\tbackground-color:  !important;\n\t}\n\t.smicon-box .boxes-icon:hover .icon i{\n\t\tcolor: !important;\n\t}\n<\/style><\/div><\/div><\/div><\/div><\/div><div id=\"pg-4673-1\"  class=\"panel-grid panel-has-style\" ><div class=\"thim-bg-overlay siteorigin-panels-stretch article__parallax panel-row-style panel-row-style-for-4673-1\" data-stretch-type=\"full\" ><div id=\"pgc-4673-1-0\"  class=\"panel-grid-cell\" ><div id=\"panel-4673-1-0-0\" class=\"so-panel widget widget_siteorigin-panels-builder panel-first-child panel-last-child\" data-index=\"1\" ><div id=\"pl-w62e000b329303\"  class=\"panel-layout\" ><div id=\"pg-w62e000b329303-0\"  class=\"panel-grid panel-no-style\" ><div id=\"pgc-w62e000b329303-0-0\"  class=\"panel-grid-cell\" ><div id=\"panel-w62e000b329303-0-0-0\" class=\"so-panel widget widget_counters-box panel-first-child panel-last-child\" data-index=\"0\" ><div class=\"thim-widget-counters-box thim-widget-counters-box-base template-base\"><div class=\"counter-box \" ><div class=\"counterbox-content\"><div class=\"content-box-percentage\"><span class=\"display-percentage\" data-percentage=\"9\">9<\/span><span class=\"counter-box-content\">Habitaciones<\/span><\/div><\/div><\/div><\/div><\/div><\/div><div id=\"pgc-w62e000b329303-0-1\"  class=\"panel-grid-cell\" ><div id=\"panel-w62e000b329303-0-1-0\" class=\"so-panel widget widget_counters-box panel-first-child panel-last-child\" data-index=\"1\" ><div class=\"thim-widget-counters-box thim-widget-counters-box-base template-base\"><div class=\"counter-box \" ><div class=\"counterbox-content\"><div class=\"content-box-percentage\"><span class=\"display-percentage\" data-percentage=\"2\">2<\/span><span class=\"counter-box-content\">Patios<\/span><\/div><\/div><\/div><\/div><\/div><\/div><\/div><\/div><\/div><\/div><\/div><\/div><div id=\"pg-4673-2\"  class=\"panel-grid panel-no-style\" ><div id=\"pgc-4673-2-0\"  class=\"panel-grid-cell\" ><div id=\"panel-4673-2-0-0\" class=\"so-panel widget widget_icon-box panel-first-child\" data-index=\"2\" ><div class=\"thim-widget-icon-box thim-widget-icon-box-base template-base\"><div class=\"inner-box \"><div  class=\"wrapper-box-icon text-center   wrapper-line-heading\" ><div class=\"smicon-box iconbox-top\"><div class=\"content-inner\" ><div class=\"sc-heading article_heading\"><h3 class = \"heading__primary\" >Ubicaci\u00f3n<\/h3><span class=\"line-heading\"><span><\/span><\/span><\/div><\/div><\/div><!--end smicon-box--><\/div><\/div><style>\n\t.smicon-read:hover{\n\t\tcolor: !important;\n\t\tbackground: !important;\n\t}\n\t.smicon-box .boxes-icon:hover{\n\t\tcolor: !important;\n\t\tborder-color: !important;\n\t\tbackground-color:  !important;\n\t}\n\t.smicon-box .boxes-icon:hover .icon i{\n\t\tcolor: !important;\n\t}\n<\/style><\/div><\/div><div id=\"panel-4673-2-0-1\" class=\"so-panel widget widget_list-html panel-last-child\" data-index=\"3\" ><div class=\"panel-widget-style panel-widget-style-for-4673-2-0-1\" ><div class=\"thim-widget-list-html thim-widget-list-html-base template-base\"><div class=\"list-html-content\"><div class=\"row\"><div class=\"col-sm-6\"><div class=\"item-content\"><div class=\"title-list\"><h5>1. Centro Habana <\/h5><\/div><div class=\"desc-list\">A medio camino entre los barrios de La Habana Vieja y el Vedado, bordeando el conocido malec\u00f3n habanero se encuentra el municipio de Centro Habana,el m\u00e1s poblado de Cuba y parte indisoluble y viva de la ciudad.<\/div><\/div><\/div><div class=\"col-sm-6\"><div class=\"item-content\"><div class=\"title-list\"><h5>2. Capitolio y Parque Central <\/h5><\/div><div class=\"desc-list\">En esta zona se encuentran Lugares emblem\u00e1ticos de la ciudad tales como el parque central, el capitolio Nacional, la sede del ballet nacional de Cuba, el majestuoso Paseo Del Prado con sus bancos de m\u00e1rmol y leones de bronce, testigos mudos de un pasado esplendoroso <\/div><\/div><\/div><\/div><div class=\"row\"><div class=\"col-sm-6\"><div class=\"item-content\"><div class=\"title-list\"><h5>3. Lugares de Interes <\/h5><\/div><div class=\"desc-list\">En la zona podemos encontrar museos como el museo de arte moderno, museo de la Revoluci\u00f3n,ubicado en el antiguo Palacio presidencial, El Barrio Chino, el bar Floridita, hoteles como el Parque Central, Inglaterra, Plaza, restaurantes y las bares (Floridita, San Crist\u00f3bal, La Guarida (famosa locaci\u00f3n del filme Fresa y Chocolate) y visita recomendada para admirar la belleza del palacio restaurado y degustar de su buena cocina.<\/div><\/div><\/div><div class=\"col-sm-6\"><div class=\"item-content\"><div class=\"title-list\"><h5>4. Arquitectura <\/h5><\/div><div class=\"desc-list\">Desde hace m\u00e1s de 150 a\u00f1os Centro Habana ha sido protagonista de la historia de una ciudad bulliciosa y palpitante donde el paso de los a\u00f1os ha dejado huella en sus edificaciones que en medio de las cicatrices del tiempo sobreviven como pueden entre colores vivos y islas de casas que con esfuerzo van recobrando su belleza original. Pasear por sus calles es un ejercicio de admirar entre algunas ruinas de casas derruidas la arquitectura de la zona donde se encuentran joyas del Art Deco como el edificio Bacard\u00ed, as\u00ed como casas de estilo barroco, colonial, modernistas y ecl\u00e9cticas, sin olvidar las invenciones arquitect\u00f3nicas que la necesidad y el paso de los a\u00f1os han impuesto a los habaneros.<\/div><\/div><\/div><\/div><span class=\"line-center\"><\/span><\/div><\/div><\/div><\/div><\/div><\/div><div id=\"pg-4673-3\"  class=\"panel-grid panel-has-style\" ><div class=\"thim-gallery-box siteorigin-panels-stretch panel-row-style panel-row-style-for-4673-3\" data-stretch-type=\"full\" ><div id=\"pgc-4673-3-0\"  class=\"panel-grid-cell\" ><div id=\"panel-4673-3-0-0\" class=\"so-panel widget widget_icon-box panel-first-child\" data-index=\"4\" ><div class=\"panel-widget-style panel-widget-style-for-4673-3-0-0\" ><div class=\"thim-widget-icon-box thim-widget-icon-box-base template-base\"><div class=\"inner-box \"><div  class=\"wrapper-box-icon text-center   wrapper-line-heading\" ><div class=\"smicon-box iconbox-top\"><div class=\"content-inner\" ><div class=\"sc-heading article_heading\"><h3 class = \"heading__primary\" >Galeria<\/h3><span class=\"line-heading\"><span><\/span><\/span><\/div><\/div><\/div><!--end smicon-box--><\/div><\/div><style>\n\t.smicon-read:hover{\n\t\tcolor: !important;\n\t\tbackground: !important;\n\t}\n\t.smicon-box .boxes-icon:hover{\n\t\tcolor: !important;\n\t\tborder-color: !important;\n\t\tbackground-color:  !important;\n\t}\n\t.smicon-box .boxes-icon:hover .icon i{\n\t\tcolor: !important;\n\t}\n<\/style><\/div><\/div><\/div><div id=\"panel-4673-3-0-1\" class=\"so-panel widget widget_gallery-images panel-last-child\" data-index=\"5\" ><div class=\"thim-widget-gallery-images thim-widget-gallery-images-base template-base\"><div class=\"thim-gallery-images owl-carousel gallery-img\"><div class=\"item\"><img src =\"https:\/\/lasiguaraya.com\/wp-content\/uploads\/2019\/03\/WhatsApp-Image-2019-02-03-at-8.24.46-AM.jpeg\" width=\"1080\" height=\"810\" alt= \"Nuestro Hotel\" \/><\/div><div class=\"item\"><img src =\"https:\/\/lasiguaraya.com\/wp-content\/uploads\/2019\/02\/PHOTO-2019-01-24-22-00-02.jpg\" width=\"1024\" height=\"768\" alt= \"Nuestro Hotel\" \/><\/div><div class=\"item\"><img src =\"https:\/\/lasiguaraya.com\/wp-content\/uploads\/2019\/03\/PHOTO-2019-01-24-21-41-48.jpg\" width=\"1080\" height=\"810\" alt= \"Nuestro Hotel\" \/><\/div><div class=\"item\"><img src =\"https:\/\/lasiguaraya.com\/wp-content\/uploads\/2022\/07\/hab-06-3-scaled.jpg\" width=\"2560\" height=\"1708\" alt= \"Nuestro Hotel\" \/><\/div><div class=\"item\"><img src =\"https:\/\/lasiguaraya.com\/wp-content\/uploads\/2019\/05\/sala-1.jpg\" width=\"2048\" height=\"1366\" alt= \"Nuestro Hotel\" \/><\/div><div class=\"item\"><img src =\"https:\/\/lasiguaraya.com\/wp-content\/uploads\/2019\/03\/cuarto3.10.jpg\" width=\"2048\" height=\"1367\" alt= \"Nuestro Hotel\" \/><\/div><div class=\"item\"><img src =\"https:\/\/lasiguaraya.com\/wp-content\/uploads\/2022\/07\/hab-06-2-scaled.jpg\" width=\"2560\" height=\"1708\" alt= \"Nuestro Hotel\" \/><\/div><div class=\"item\"><img src =\"https:\/\/lasiguaraya.com\/wp-content\/uploads\/2020\/02\/d6405154-a137-48e9-9470-3b657923fb81.jpg\" width=\"2048\" height=\"1366\" alt= \"Nuestro Hotel\" \/><\/div><div class=\"item\"><img src =\"https:\/\/lasiguaraya.com\/wp-content\/uploads\/2019\/05\/patio-3.jpg\" width=\"2048\" height=\"1366\" alt= \"Nuestro Hotel\" \/><\/div><\/div><\/div><\/div><\/div><\/div><\/div><\/div>","protected":false},"excerpt":{"rendered":"<p>Desde 1929Se trata de una casa de estilo Art Deco construida en 1929 de puntales altos, con techos de 4,80 metros de altura, con una preciosa entrada con mosaicos originales de relieve y una escalera de m\u00e1rmol que conduce a la planta superior.<\/p>\n<p>La casa fue adquirida a sus propietarios originales y tras una <\/p>\n","protected":false},"author":1,"featured_media":0,"parent":0,"menu_order":0,"comment_status":"closed","ping_status":"closed","template":"","meta":{"_monsterinsights_skip_tracking":false,"_monsterinsights_sitenote_active":false,"_monsterinsights_sitenote_note":"","_monsterinsights_sitenote_category":0,"footnotes":""},"_links":{"self":[{"href":"https:\/\/lasiguaraya.com\/es\/wp-json\/wp\/v2\/pages\/4673"}],"collection":[{"href":"https:\/\/lasiguaraya.com\/es\/wp-json\/wp\/v2\/pages"}],"about":[{"href":"https:\/\/lasiguaraya.com\/es\/wp-json\/wp\/v2\/types\/page"}],"author":[{"embeddable":true,"href":"https:\/\/lasiguaraya.com\/es\/wp-json\/wp\/v2\/users\/1"}],"replies":[{"embeddable":true,"href":"https:\/\/lasiguaraya.com\/es\/wp-json\/wp\/v2\/comments?post=4673"}],"version-history":[{"count":14,"href":"https:\/\/lasiguaraya.com\/es\/wp-json\/wp\/v2\/pages\/4673\/revisions"}],"predecessor-version":[{"id":5317,"href":"https:\/\/lasiguaraya.com\/es\/wp-json\/wp\/v2\/pages\/4673\/revisions\/5317"}],"wp:attachment":[{"href":"https:\/\/lasiguaraya.com\/es\/wp-json\/wp\/v2\/media?parent=4673"}],"curies":[{"name":"wp","href":"https:\/\/api.w.org\/{rel}","templated":true}]}}